{"id":27,"date":"2025-07-18T10:02:13","date_gmt":"2025-07-18T10:02:13","guid":{"rendered":"https:\/\/tienganhhocsinh.com\/index.php\/degree-thats-right-for-your-future-2\/"},"modified":"2025-09-06T14:58:42","modified_gmt":"2025-09-06T07:58:42","slug":"learn-english-unlock-your-potential-2","status":"publish","type":"page","link":"https:\/\/tienganhhocsinh.com\/index.php\/learn-english-unlock-your-potential-2\/","title":{"rendered":"Learn English Unlock Your Potential"},"content":{"rendered":"\n<h1 class=\"wp-block-heading has-text-align-center\"><mark style=\"background-color:rgba(0, 0, 0, 0);color:#00aeef\" class=\"has-inline-color\">From Confidence to Fluency \u2013 Step by Step<\/mark><\/h1>\n\n\n\n<h3 class=\"wp-block-heading has-text-align-left\"><strong><mark style=\"background-color:rgba(0, 0, 0, 0)\" class=\"has-inline-color has-black-color\">Gi\u00fap con t\u1ef1 tin v\u00e0 gi\u1ecfi ti\u1ebfng Anh t\u1eebng b\u01b0\u1edbc m\u1ed9t<\/mark><\/strong><\/h3>\n\n\n\n<p style=\"font-size:17px\">Nhi\u1ec1u ph\u1ee5 huynh lo l\u1eafng khi th\u1ea5y con m\u00ecnh h\u1ecdc ti\u1ebfng Anh THCS THPT nhi\u1ec1u n\u0103m nh\u01b0ng v\u1eabn ng\u1ea1i n\u00f3i, thi\u1ebfu t\u1ef1 tin khi giao ti\u1ebfp? Tin vui l\u00e0 kh\u1ea3 n\u0103ng n\u00f3i ti\u1ebfng Anh l\u01b0u lo\u00e1t kh\u00f4ng \u0111\u1ebfn trong m\u1ed9t ng\u00e0y, m\u00e0 l\u00e0 c\u1ea3 h\u00e0nh tr\u00ecnh \u201cstep by step\u201d \u2013 \u0111i \u0111\u00fang l\u1ed9 tr\u00ecnh, con s\u1ebd t\u1ef1 tin v\u00e0 ti\u1ebfn b\u1ed9 r\u00f5 r\u1ec7t.<\/p>\n\n\n\n<h2 class=\"wp-block-heading\"><strong>V\u00ec sao con ch\u01b0a t\u1ef1 tin v\u1edbi ti\u1ebfng Anh?<\/strong><\/h2>\n\n\n\n<ul class=\"wp-block-list\">\n<li style=\"font-size:17px\">L\u1edbp h\u1ecdc \u0111\u00f4ng v\u00e0 con \u00edt c\u00f3 c\u01a1 h\u1ed9i luy\u1ec7n t\u1eadp.<\/li>\n\n\n\n<li style=\"font-size:17px\">Thi\u1ebfu n\u1ec1n t\u1ea3ng giao ti\u1ebfp th\u1ef1c t\u1ebf, h\u1ecdc ng\u1eef ph\u00e1p nhi\u1ec1u nh\u01b0ng kh\u00f4ng bi\u1ebft \u00e1p d\u1ee5ng.<\/li>\n\n\n\n<li style=\"font-size:17px\">\u00c1p l\u1ef1c \u0111i\u1ec3m s\u1ed1, h\u1ecdc \u0111\u1ec3 thi, kh\u00f4ng ph\u1ea3i \u0111\u1ec3 d\u00f9ng.<\/li>\n<\/ul>\n\n\n\n<div style=\"height:15px\" aria-hidden=\"true\" class=\"wp-block-spacer\"><\/div>\n\n\n\n<p style=\"font-size:17px\">K\u1ebft qu\u1ea3: con c\u00e0ng h\u1ecdc c\u00e0ng s\u1ee3, c\u00e0ng ng\u1ea1i m\u1edf mi\u1ec7ng.<\/p>\n\n\n\n<h2 class=\"wp-block-heading\"><strong>L\u1ed9 tr\u00ecnh \u201cFrom Confidence to Fluency\u201d &#8211; H\u1ecdc ti\u1ebfng Anh l\u01b0u lo\u00e1t cho h\u1ecdc sinh t\u1eeb l\u1edbp 6-12<\/strong><\/h2>\n\n\n\n<p style=\"font-size:17px\">Ch\u00fang t\u00f4i Eros Fluent English thi\u1ebft k\u1ebf ch\u01b0\u01a1ng tr\u00ecnh ti\u1ebfng Anh ri\u00eang cho h\u1ecdc sinh t\u1eeb l\u1edbp 6 \u0111\u1ebfn l\u1edbp 12, theo 3 b\u01b0\u1edbc r\u00f5 r\u00e0ng:<\/p>\n\n\n\n<h3 class=\"wp-block-heading\"><strong>1. Build Confidence \u2013 X\u00e2y s\u1ef1 t\u1ef1 tin<\/strong><\/h3>\n\n\n\n<ul class=\"wp-block-list\">\n<li style=\"font-size:17px\">L\u1edbp nh\u1ecf, gi\u00e1o vi\u00ean theo s\u00e1t t\u1eebng b\u1ea1n.<\/li>\n\n\n\n<li style=\"font-size:17px\">B\u00e0i h\u1ecdc sinh \u0111\u1ed9ng, tr\u00f2 chuy\u1ec7n nhi\u1ec1u h\u01a1n \u201ch\u1ecdc thu\u1ed9c\u201d.<\/li>\n\n\n\n<li style=\"font-size:17px\">Khen ng\u1ee3i v\u00e0 \u0111\u1ed9ng vi\u00ean, \u0111\u1ec3 con kh\u00f4ng s\u1ee3 sai.<\/li>\n<\/ul>\n\n\n\n<h3 class=\"wp-block-heading\"><strong>2. Strengthen Skills \u2013 C\u1ee7ng c\u1ed1 k\u1ef9 n\u0103ng<\/strong><\/h3>\n\n\n\n<ul class=\"wp-block-list\">\n<li style=\"font-size:17px\">Luy\u1ec7n nghe \u2013 n\u00f3i \u2013 \u0111\u1ecdc \u2013 vi\u1ebft c\u00e2n b\u1eb1ng.<\/li>\n\n\n\n<li style=\"font-size:17px\">H\u1ecdc t\u1eeb v\u1ef1ng qua t\u00ecnh hu\u1ed1ng th\u1ef1c t\u1ebf, kh\u00f4ng kh\u00f4 khan.<\/li>\n\n\n\n<li style=\"font-size:17px\">T\u0103ng kh\u1ea3 n\u0103ng ph\u1ea3n x\u1ea1, n\u00f3i c\u00e2u tr\u00f4i ch\u1ea3y h\u01a1n.<\/li>\n<\/ul>\n\n\n\n<h3 class=\"wp-block-heading\"><strong>3. Achieve Fluency \u2013 V\u01b0\u01a1n t\u1edbi l\u01b0u lo\u00e1t<\/strong><\/h3>\n\n\n\n<ul class=\"wp-block-list\">\n<li style=\"font-size:17px\">Giao ti\u1ebfp tr\u1ef1c ti\u1ebfp v\u1edbi gi\u00e1o vi\u00ean n\u01b0\u1edbc ngo\u00e0i.<\/li>\n\n\n\n<li style=\"font-size:17px\">Th\u1ea3o lu\u1eadn ch\u1ee7 \u0111\u1ec1 h\u1ecdc t\u1eadp &amp; \u0111\u1eddi s\u1ed1ng, chu\u1ea9n b\u1ecb cho k\u1ef3 thi v\u00e0 t\u01b0\u01a1ng lai.<\/li>\n\n\n\n<li style=\"font-size:17px\">Bi\u1ebfn ti\u1ebfng Anh th\u00e0nh ng\u00f4n ng\u1eef th\u1ee9 hai t\u1ef1 nhi\u00ean.<\/li>\n<\/ul>\n\n\n\n<h2 class=\"wp-block-heading\"><strong>L\u1ee3i \u00edch d\u00e0nh cho ph\u1ee5 huynh<\/strong><\/h2>\n\n\n\n<ul class=\"wp-block-list\">\n<li style=\"font-size:17px\">Th\u1ea5y r\u00f5 ti\u1ebfn b\u1ed9 c\u1ee7a con t\u1eebng th\u00e1ng.<\/li>\n\n\n\n<li style=\"font-size:17px\">Con t\u1ef1 tin h\u01a1n \u1edf l\u1edbp, giao ti\u1ebfp t\u1ed1t h\u01a1n trong \u0111\u1eddi s\u1ed1ng.<\/li>\n\n\n\n<li style=\"font-size:17px\">C\u00f3 s\u1ef1 chu\u1ea9n b\u1ecb ch\u1eafc ch\u1eafn cho k\u1ef3 thi, \u0111\u1ea1i h\u1ecdc v\u00e0 c\u01a1 h\u1ed9i du h\u1ecdc.<\/li>\n<\/ul>\n\n\n\n<div style=\"height:15px\" aria-hidden=\"true\" class=\"wp-block-spacer\"><\/div>\n\n\n\n<p style=\"font-size:17px\">\ud83d\udc49 <strong>Eros Fluent English<\/strong> cam k\u1ebft \u0111\u1ed3ng h\u00e0nh c\u00f9ng con, t\u1eeb s\u1ef1 t\u1ef1 tin nh\u1ecf nh\u1ea5t \u0111\u1ebfn s\u1ef1 l\u01b0u lo\u00e1t v\u1eefng v\u00e0ng.<\/p>\n\n\n\n<div style=\"height:21px\" aria-hidden=\"true\" class=\"wp-block-spacer\"><\/div>\n\n\n\n<div class=\"wp-block-buttons is-content-justification-center is-layout-flex wp-container-core-buttons-is-layout-16018d1d wp-block-buttons-is-layout-flex\">\n<div class=\"wp-block-button is-style-outline is-style-outline--1\"><a class=\"wp-block-button__link has-white-color has-text-color has-background has-link-color wp-element-button\" style=\"background-color:#00aeef\">T\u00ecm hi\u1ec3u th\u00eam<\/a><\/div>\n\n\n\n<div class=\"wp-block-button is-style-outline is-style-outline--2\"><a class=\"wp-block-button__link has-white-color has-text-color has-background has-link-color wp-element-button\" style=\"background-color:#00aeef\">Li\u00ean h\u1ec7 ch\u00fang t\u00f4i<\/a><\/div>\n<\/div>\n\n\n\n<p><\/p>\n","protected":false},"excerpt":{"rendered":"<p>From Confidence to Fluency \u2013 Step by Step Gi\u00fap con t\u1ef1 tin v\u00e0 gi\u1ecfi ti\u1ebfng Anh t\u1eebng b\u01b0\u1edbc m\u1ed9t Nhi\u1ec1u [&hellip;]<\/p>\n","protected":false},"author":1,"featured_media":28,"parent":0,"menu_order":0,"comment_status":"closed","ping_status":"closed","template":"page-template\/page-with-right-sidebar.php","meta":{"footnotes":""},"class_list":["post-27","page","type-page","status-publish","has-post-thumbnail","hentry"],"yoast_head":"<!-- This site is optimized with the Yoast SEO plugin v26.2 - https:\/\/yoast.com\/wordpress\/plugins\/seo\/ -->\n<title>Learn English Unlock Your Potential - Eros Fluent English<\/title>\n<meta name=\"robots\" content=\"index, follow, max-snippet:-1, max-image-preview:large, max-video-preview:-1\" \/>\n<link rel=\"canonical\" href=\"https:\/\/tienganhhocsinh.com\/index.php\/learn-english-unlock-your-potential-2\/\" \/>\n<meta property=\"og:locale\" content=\"vi_VN\" \/>\n<meta property=\"og:type\" content=\"article\" \/>\n<meta property=\"og:title\" content=\"Learn English Unlock Your Potential - Eros Fluent English\" \/>\n<meta property=\"og:description\" content=\"From Confidence to Fluency \u2013 Step by Step Gi\u00fap con t\u1ef1 tin v\u00e0 gi\u1ecfi ti\u1ebfng Anh t\u1eebng b\u01b0\u1edbc m\u1ed9t Nhi\u1ec1u [&hellip;]\" \/>\n<meta property=\"og:url\" content=\"https:\/\/tienganhhocsinh.com\/index.php\/learn-english-unlock-your-potential-2\/\" \/>\n<meta property=\"og:site_name\" content=\"Eros Fluent English\" \/>\n<meta property=\"article:publisher\" content=\"https:\/\/www.facebook.com\/erosfluentenglish\" \/>\n<meta property=\"article:modified_time\" content=\"2025-09-06T07:58:42+00:00\" \/>\n<meta property=\"og:image\" content=\"https:\/\/tienganhhocsinh.com\/wp-content\/uploads\/2025\/07\/slider-img-1.jpg\" \/>\n\t<meta property=\"og:image:width\" content=\"1200\" \/>\n\t<meta property=\"og:image:height\" content=\"800\" \/>\n\t<meta property=\"og:image:type\" content=\"image\/jpeg\" \/>\n<meta name=\"twitter:card\" content=\"summary_large_image\" \/>\n<meta name=\"twitter:label1\" content=\"\u01af\u1edbc t\u00ednh th\u1eddi gian \u0111\u1ecdc\" \/>\n\t<meta name=\"twitter:data1\" content=\"3 ph\u00fat\" \/>\n<script type=\"application\/ld+json\" class=\"yoast-schema-graph\">{\"@context\":\"https:\/\/schema.org\",\"@graph\":[{\"@type\":\"WebPage\",\"@id\":\"https:\/\/tienganhhocsinh.com\/index.php\/learn-english-unlock-your-potential-2\/\",\"url\":\"https:\/\/tienganhhocsinh.com\/index.php\/learn-english-unlock-your-potential-2\/\",\"name\":\"Learn English Unlock Your Potential - Eros Fluent English\",\"isPartOf\":{\"@id\":\"https:\/\/tienganhhocsinh.com\/#website\"},\"primaryImageOfPage\":{\"@id\":\"https:\/\/tienganhhocsinh.com\/index.php\/learn-english-unlock-your-potential-2\/#primaryimage\"},\"image\":{\"@id\":\"https:\/\/tienganhhocsinh.com\/index.php\/learn-english-unlock-your-potential-2\/#primaryimage\"},\"thumbnailUrl\":\"https:\/\/tienganhhocsinh.com\/wp-content\/uploads\/2025\/07\/slider-img-1.jpg\",\"datePublished\":\"2025-07-18T10:02:13+00:00\",\"dateModified\":\"2025-09-06T07:58:42+00:00\",\"breadcrumb\":{\"@id\":\"https:\/\/tienganhhocsinh.com\/index.php\/learn-english-unlock-your-potential-2\/#breadcrumb\"},\"inLanguage\":\"vi\",\"potentialAction\":[{\"@type\":\"ReadAction\",\"target\":[\"https:\/\/tienganhhocsinh.com\/index.php\/learn-english-unlock-your-potential-2\/\"]}]},{\"@type\":\"ImageObject\",\"inLanguage\":\"vi\",\"@id\":\"https:\/\/tienganhhocsinh.com\/index.php\/learn-english-unlock-your-potential-2\/#primaryimage\",\"url\":\"https:\/\/tienganhhocsinh.com\/wp-content\/uploads\/2025\/07\/slider-img-1.jpg\",\"contentUrl\":\"https:\/\/tienganhhocsinh.com\/wp-content\/uploads\/2025\/07\/slider-img-1.jpg\",\"width\":1200,\"height\":800},{\"@type\":\"BreadcrumbList\",\"@id\":\"https:\/\/tienganhhocsinh.com\/index.php\/learn-english-unlock-your-potential-2\/#breadcrumb\",\"itemListElement\":[{\"@type\":\"ListItem\",\"position\":1,\"name\":\"Trang ch\u1ee7\",\"item\":\"https:\/\/tienganhhocsinh.com\/\"},{\"@type\":\"ListItem\",\"position\":2,\"name\":\"Learn English Unlock Your Potential\"}]},{\"@type\":\"WebSite\",\"@id\":\"https:\/\/tienganhhocsinh.com\/#website\",\"url\":\"https:\/\/tienganhhocsinh.com\/\",\"name\":\"Eros Fluent English\",\"description\":\"\",\"publisher\":{\"@id\":\"https:\/\/tienganhhocsinh.com\/#organization\"},\"potentialAction\":[{\"@type\":\"SearchAction\",\"target\":{\"@type\":\"EntryPoint\",\"urlTemplate\":\"https:\/\/tienganhhocsinh.com\/?s={search_term_string}\"},\"query-input\":{\"@type\":\"PropertyValueSpecification\",\"valueRequired\":true,\"valueName\":\"search_term_string\"}}],\"inLanguage\":\"vi\"},{\"@type\":\"Organization\",\"@id\":\"https:\/\/tienganhhocsinh.com\/#organization\",\"name\":\"Eros Fluent English\",\"url\":\"https:\/\/tienganhhocsinh.com\/\",\"logo\":{\"@type\":\"ImageObject\",\"inLanguage\":\"vi\",\"@id\":\"https:\/\/tienganhhocsinh.com\/#\/schema\/logo\/image\/\",\"url\":\"https:\/\/tienganhhocsinh.com\/wp-content\/uploads\/2025\/09\/cropped-cropped-FLUENT-ENGLISH-240-x-240-px-1.png\",\"contentUrl\":\"https:\/\/tienganhhocsinh.com\/wp-content\/uploads\/2025\/09\/cropped-cropped-FLUENT-ENGLISH-240-x-240-px-1.png\",\"width\":240,\"height\":121,\"caption\":\"Eros Fluent English\"},\"image\":{\"@id\":\"https:\/\/tienganhhocsinh.com\/#\/schema\/logo\/image\/\"},\"sameAs\":[\"https:\/\/www.facebook.com\/erosfluentenglish\",\"https:\/\/www.youtube.com\/@erosfluentenglish\",\"https:\/\/www.tiktok.com\/@erosfluentenglish\"]}]}<\/script>\n<!-- \/ Yoast SEO plugin. -->","yoast_head_json":{"title":"Learn English Unlock Your Potential - Eros Fluent English","robots":{"index":"index","follow":"follow","max-snippet":"max-snippet:-1","max-image-preview":"max-image-preview:large","max-video-preview":"max-video-preview:-1"},"canonical":"https:\/\/tienganhhocsinh.com\/index.php\/learn-english-unlock-your-potential-2\/","og_locale":"vi_VN","og_type":"article","og_title":"Learn English Unlock Your Potential - Eros Fluent English","og_description":"From Confidence to Fluency \u2013 Step by Step Gi\u00fap con t\u1ef1 tin v\u00e0 gi\u1ecfi ti\u1ebfng Anh t\u1eebng b\u01b0\u1edbc m\u1ed9t Nhi\u1ec1u [&hellip;]","og_url":"https:\/\/tienganhhocsinh.com\/index.php\/learn-english-unlock-your-potential-2\/","og_site_name":"Eros Fluent English","article_publisher":"https:\/\/www.facebook.com\/erosfluentenglish","article_modified_time":"2025-09-06T07:58:42+00:00","og_image":[{"width":1200,"height":800,"url":"https:\/\/tienganhhocsinh.com\/wp-content\/uploads\/2025\/07\/slider-img-1.jpg","type":"image\/jpeg"}],"twitter_card":"summary_large_image","twitter_misc":{"\u01af\u1edbc t\u00ednh th\u1eddi gian \u0111\u1ecdc":"3 ph\u00fat"},"schema":{"@context":"https:\/\/schema.org","@graph":[{"@type":"WebPage","@id":"https:\/\/tienganhhocsinh.com\/index.php\/learn-english-unlock-your-potential-2\/","url":"https:\/\/tienganhhocsinh.com\/index.php\/learn-english-unlock-your-potential-2\/","name":"Learn English Unlock Your Potential - Eros Fluent English","isPartOf":{"@id":"https:\/\/tienganhhocsinh.com\/#website"},"primaryImageOfPage":{"@id":"https:\/\/tienganhhocsinh.com\/index.php\/learn-english-unlock-your-potential-2\/#primaryimage"},"image":{"@id":"https:\/\/tienganhhocsinh.com\/index.php\/learn-english-unlock-your-potential-2\/#primaryimage"},"thumbnailUrl":"https:\/\/tienganhhocsinh.com\/wp-content\/uploads\/2025\/07\/slider-img-1.jpg","datePublished":"2025-07-18T10:02:13+00:00","dateModified":"2025-09-06T07:58:42+00:00","breadcrumb":{"@id":"https:\/\/tienganhhocsinh.com\/index.php\/learn-english-unlock-your-potential-2\/#breadcrumb"},"inLanguage":"vi","potentialAction":[{"@type":"ReadAction","target":["https:\/\/tienganhhocsinh.com\/index.php\/learn-english-unlock-your-potential-2\/"]}]},{"@type":"ImageObject","inLanguage":"vi","@id":"https:\/\/tienganhhocsinh.com\/index.php\/learn-english-unlock-your-potential-2\/#primaryimage","url":"https:\/\/tienganhhocsinh.com\/wp-content\/uploads\/2025\/07\/slider-img-1.jpg","contentUrl":"https:\/\/tienganhhocsinh.com\/wp-content\/uploads\/2025\/07\/slider-img-1.jpg","width":1200,"height":800},{"@type":"BreadcrumbList","@id":"https:\/\/tienganhhocsinh.com\/index.php\/learn-english-unlock-your-potential-2\/#breadcrumb","itemListElement":[{"@type":"ListItem","position":1,"name":"Trang ch\u1ee7","item":"https:\/\/tienganhhocsinh.com\/"},{"@type":"ListItem","position":2,"name":"Learn English Unlock Your Potential"}]},{"@type":"WebSite","@id":"https:\/\/tienganhhocsinh.com\/#website","url":"https:\/\/tienganhhocsinh.com\/","name":"Eros Fluent English","description":"","publisher":{"@id":"https:\/\/tienganhhocsinh.com\/#organization"},"potentialAction":[{"@type":"SearchAction","target":{"@type":"EntryPoint","urlTemplate":"https:\/\/tienganhhocsinh.com\/?s={search_term_string}"},"query-input":{"@type":"PropertyValueSpecification","valueRequired":true,"valueName":"search_term_string"}}],"inLanguage":"vi"},{"@type":"Organization","@id":"https:\/\/tienganhhocsinh.com\/#organization","name":"Eros Fluent English","url":"https:\/\/tienganhhocsinh.com\/","logo":{"@type":"ImageObject","inLanguage":"vi","@id":"https:\/\/tienganhhocsinh.com\/#\/schema\/logo\/image\/","url":"https:\/\/tienganhhocsinh.com\/wp-content\/uploads\/2025\/09\/cropped-cropped-FLUENT-ENGLISH-240-x-240-px-1.png","contentUrl":"https:\/\/tienganhhocsinh.com\/wp-content\/uploads\/2025\/09\/cropped-cropped-FLUENT-ENGLISH-240-x-240-px-1.png","width":240,"height":121,"caption":"Eros Fluent English"},"image":{"@id":"https:\/\/tienganhhocsinh.com\/#\/schema\/logo\/image\/"},"sameAs":["https:\/\/www.facebook.com\/erosfluentenglish","https:\/\/www.youtube.com\/@erosfluentenglish","https:\/\/www.tiktok.com\/@erosfluentenglish"]}]}},"jetpack_sharing_enabled":true,"_links":{"self":[{"href":"https:\/\/tienganhhocsinh.com\/index.php\/wp-json\/wp\/v2\/pages\/27","targetHints":{"allow":["GET"]}}],"collection":[{"href":"https:\/\/tienganhhocsinh.com\/index.php\/wp-json\/wp\/v2\/pages"}],"about":[{"href":"https:\/\/tienganhhocsinh.com\/index.php\/wp-json\/wp\/v2\/types\/page"}],"author":[{"embeddable":true,"href":"https:\/\/tienganhhocsinh.com\/index.php\/wp-json\/wp\/v2\/users\/1"}],"replies":[{"embeddable":true,"href":"https:\/\/tienganhhocsinh.com\/index.php\/wp-json\/wp\/v2\/comments?post=27"}],"version-history":[{"count":9,"href":"https:\/\/tienganhhocsinh.com\/index.php\/wp-json\/wp\/v2\/pages\/27\/revisions"}],"predecessor-version":[{"id":809,"href":"https:\/\/tienganhhocsinh.com\/index.php\/wp-json\/wp\/v2\/pages\/27\/revisions\/809"}],"wp:featuredmedia":[{"embeddable":true,"href":"https:\/\/tienganhhocsinh.com\/index.php\/wp-json\/wp\/v2\/media\/28"}],"wp:attachment":[{"href":"https:\/\/tienganhhocsinh.com\/index.php\/wp-json\/wp\/v2\/media?parent=27"}],"curies":[{"name":"wp","href":"https:\/\/api.w.org\/{rel}","templated":true}]}}