{"id":260,"date":"2025-07-25T07:17:44","date_gmt":"2025-07-25T07:17:44","guid":{"rendered":"https:\/\/tienganhhocsinh.com\/index.php\/testimonial-2\/"},"modified":"2025-07-25T07:17:44","modified_gmt":"2025-07-25T07:17:44","slug":"testimonial-2","status":"publish","type":"page","link":"https:\/\/tienganhhocsinh.com\/index.php\/testimonial-2\/","title":{"rendered":"Testimonial"},"content":{"rendered":"<div id=\"testimonials\">\n                    <div class=\"row\">  <div class=\"col-lg-6\">\n                                  <div class=\"testimonial-box\">\n                                    <div class=\"testimonial-content text-center\">\n                                      <h3 class=\"font-weight-bold\"><a href=\"https:\/\/tienganhhocsinh.com\/index.php\/testimonial\/huy-grade-11\/\">HUY GRADE 11<\/a><\/h3>\n                                      <p>Review h\u1ecdc vi\u00ean IELTS 8.0 t\u1ea1i Eros Fluent English &#8220;When I first decided to learn IELTS, my goal was to [&hellip;]<\/p>\n                                    <\/div>\n                                    <div class=\"testimonial-img text-center\">\n                                      <img decoding=\"async\" src=\"https:\/\/tienganhhocsinh.com\/wp-content\/uploads\/2025\/07\/all-Review.png\" alt=\"\"\/>\n                                    <\/div>\n                                  <\/div>\n                               <\/div>  <div class=\"col-lg-6\">\n                                  <div class=\"testimonial-box\">\n                                    <div class=\"testimonial-content text-center\">\n                                      <h3 class=\"font-weight-bold\"><a href=\"https:\/\/tienganhhocsinh.com\/index.php\/testimonial\/xu-grade-12\/\">XU GRADE 12<\/a><\/h3>\n                                      <p>\u201cH\u00f4m nay con g\u00e1i m\u1edbi b\u00e1o \u0111i\u1ec3m thi h\u1ecdc k\u00ec 1 \u0111\u01b0\u1ee3c 8.75 \u0111i\u1ec3m. L\u00fac \u0111\u1ea7u c\u0169ng lo b\u00e9 l\u1edbp [&hellip;]<\/p>\n                                    <\/div>\n                                    <div class=\"testimonial-img text-center\">\n                                      <img decoding=\"async\" src=\"https:\/\/tienganhhocsinh.com\/wp-content\/uploads\/2025\/07\/5.png\" alt=\"\"\/>\n                                    <\/div>\n                                  <\/div>\n                               <\/div>  <div class=\"col-lg-6\">\n                                  <div class=\"testimonial-box\">\n                                    <div class=\"testimonial-content text-center\">\n                                      <h3 class=\"font-weight-bold\"><a href=\"https:\/\/tienganhhocsinh.com\/index.php\/testimonial\/anh-thu\/\">ANH THU<\/a><\/h3>\n                                      <p>Review h\u1ecdc vi\u00ean IELTS t\u1ea1i Eros Fluent English &#8220;Hi, I&#8217;m Thu. I\u2019ve been looking to study English with Eros Thuong [&hellip;]<\/p>\n                                    <\/div>\n                                    <div class=\"testimonial-img text-center\">\n                                      <img decoding=\"async\" src=\"https:\/\/tienganhhocsinh.com\/wp-content\/uploads\/2025\/07\/all-Review-1.png\" alt=\"\"\/>\n                                    <\/div>\n                                  <\/div>\n                               <\/div>  <div class=\"col-lg-6\">\n                                  <div class=\"testimonial-box\">\n                                    <div class=\"testimonial-content text-center\">\n                                      <h3 class=\"font-weight-bold\"><a href=\"https:\/\/tienganhhocsinh.com\/index.php\/testimonial\/tri-grade-7\/\">TRI GRADE 7<\/a><\/h3>\n                                      <p>&#8220;Sau g\u1ea7n ba th\u00e1ng h\u1ecdc H th\u1ea5y Tr\u00ed ti\u1ebfn b\u1ed9 h\u01a1n, ko r\u1ee5t r\u00e8, t\u1ef1 tin h\u01a1n, th\u00edch h\u1ecdc AV [&hellip;]<\/p>\n                                    <\/div>\n                                    <div class=\"testimonial-img text-center\">\n                                      <img decoding=\"async\" src=\"https:\/\/tienganhhocsinh.com\/wp-content\/uploads\/2025\/07\/7.png\" alt=\"\"\/>\n                                    <\/div>\n                                  <\/div>\n                               <\/div>  <div class=\"col-lg-6\">\n                                  <div class=\"testimonial-box\">\n                                    <div class=\"testimonial-content text-center\">\n                                      <h3 class=\"font-weight-bold\"><a href=\"https:\/\/tienganhhocsinh.com\/index.php\/testimonial\/hoc-vien-di-lam\/\">H\u1eccC VI\u00caN \u0110I L\u00c0M<\/a><\/h3>\n                                      <p>&#8220;After studying for a month with the teacher, I feel that I have improved more. I can communicate basics and [&hellip;]<\/p>\n                                    <\/div>\n                                    <div class=\"testimonial-img text-center\">\n                                      <img decoding=\"async\" src=\"https:\/\/tienganhhocsinh.com\/wp-content\/uploads\/2025\/07\/6.png\" alt=\"\"\/>\n                                    <\/div>\n                                  <\/div>\n                               <\/div><\/div><\/div>\n","protected":false},"excerpt":{"rendered":"","protected":false},"author":1,"featured_media":0,"parent":0,"menu_order":0,"comment_status":"closed","ping_status":"closed","template":"","meta":{"footnotes":""},"class_list":["post-260","page","type-page","status-publish","hentry"],"yoast_head":"<!-- This site is optimized with the Yoast SEO plugin v26.2 - https:\/\/yoast.com\/wordpress\/plugins\/seo\/ -->\n<title>Testimonial - Eros Fluent English<\/title>\n<meta name=\"robots\" content=\"index, follow, max-snippet:-1, max-image-preview:large, max-video-preview:-1\" \/>\n<link rel=\"canonical\" href=\"https:\/\/tienganhhocsinh.com\/index.php\/testimonial-2\/\" \/>\n<meta property=\"og:locale\" content=\"vi_VN\" \/>\n<meta property=\"og:type\" content=\"article\" \/>\n<meta property=\"og:title\" content=\"Testimonial - Eros Fluent English\" \/>\n<meta property=\"og:url\" content=\"https:\/\/tienganhhocsinh.com\/index.php\/testimonial-2\/\" \/>\n<meta property=\"og:site_name\" content=\"Eros Fluent English\" \/>\n<meta property=\"article:publisher\" content=\"https:\/\/www.facebook.com\/erosfluentenglish\" \/>\n<meta name=\"twitter:card\" content=\"summary_large_image\" \/>\n<script type=\"application\/ld+json\" class=\"yoast-schema-graph\">{\"@context\":\"https:\/\/schema.org\",\"@graph\":[{\"@type\":\"WebPage\",\"@id\":\"https:\/\/tienganhhocsinh.com\/index.php\/testimonial-2\/\",\"url\":\"https:\/\/tienganhhocsinh.com\/index.php\/testimonial-2\/\",\"name\":\"Testimonial - Eros Fluent English\",\"isPartOf\":{\"@id\":\"https:\/\/tienganhhocsinh.com\/#website\"},\"datePublished\":\"2025-07-25T07:17:44+00:00\",\"breadcrumb\":{\"@id\":\"https:\/\/tienganhhocsinh.com\/index.php\/testimonial-2\/#breadcrumb\"},\"inLanguage\":\"vi\",\"potentialAction\":[{\"@type\":\"ReadAction\",\"target\":[\"https:\/\/tienganhhocsinh.com\/index.php\/testimonial-2\/\"]}]},{\"@type\":\"BreadcrumbList\",\"@id\":\"https:\/\/tienganhhocsinh.com\/index.php\/testimonial-2\/#breadcrumb\",\"itemListElement\":[{\"@type\":\"ListItem\",\"position\":1,\"name\":\"Trang ch\u1ee7\",\"item\":\"https:\/\/tienganhhocsinh.com\/\"},{\"@type\":\"ListItem\",\"position\":2,\"name\":\"Testimonial\"}]},{\"@type\":\"WebSite\",\"@id\":\"https:\/\/tienganhhocsinh.com\/#website\",\"url\":\"https:\/\/tienganhhocsinh.com\/\",\"name\":\"Eros Fluent English\",\"description\":\"\",\"publisher\":{\"@id\":\"https:\/\/tienganhhocsinh.com\/#organization\"},\"potentialAction\":[{\"@type\":\"SearchAction\",\"target\":{\"@type\":\"EntryPoint\",\"urlTemplate\":\"https:\/\/tienganhhocsinh.com\/?s={search_term_string}\"},\"query-input\":{\"@type\":\"PropertyValueSpecification\",\"valueRequired\":true,\"valueName\":\"search_term_string\"}}],\"inLanguage\":\"vi\"},{\"@type\":\"Organization\",\"@id\":\"https:\/\/tienganhhocsinh.com\/#organization\",\"name\":\"Eros Fluent English\",\"url\":\"https:\/\/tienganhhocsinh.com\/\",\"logo\":{\"@type\":\"ImageObject\",\"inLanguage\":\"vi\",\"@id\":\"https:\/\/tienganhhocsinh.com\/#\/schema\/logo\/image\/\",\"url\":\"https:\/\/tienganhhocsinh.com\/wp-content\/uploads\/2025\/09\/cropped-cropped-FLUENT-ENGLISH-240-x-240-px-1.png\",\"contentUrl\":\"https:\/\/tienganhhocsinh.com\/wp-content\/uploads\/2025\/09\/cropped-cropped-FLUENT-ENGLISH-240-x-240-px-1.png\",\"width\":240,\"height\":121,\"caption\":\"Eros Fluent English\"},\"image\":{\"@id\":\"https:\/\/tienganhhocsinh.com\/#\/schema\/logo\/image\/\"},\"sameAs\":[\"https:\/\/www.facebook.com\/erosfluentenglish\",\"https:\/\/www.youtube.com\/@erosfluentenglish\",\"https:\/\/www.tiktok.com\/@erosfluentenglish\"]}]}<\/script>\n<!-- \/ Yoast SEO plugin. -->","yoast_head_json":{"title":"Testimonial - Eros Fluent English","robots":{"index":"index","follow":"follow","max-snippet":"max-snippet:-1","max-image-preview":"max-image-preview:large","max-video-preview":"max-video-preview:-1"},"canonical":"https:\/\/tienganhhocsinh.com\/index.php\/testimonial-2\/","og_locale":"vi_VN","og_type":"article","og_title":"Testimonial - Eros Fluent English","og_url":"https:\/\/tienganhhocsinh.com\/index.php\/testimonial-2\/","og_site_name":"Eros Fluent English","article_publisher":"https:\/\/www.facebook.com\/erosfluentenglish","twitter_card":"summary_large_image","schema":{"@context":"https:\/\/schema.org","@graph":[{"@type":"WebPage","@id":"https:\/\/tienganhhocsinh.com\/index.php\/testimonial-2\/","url":"https:\/\/tienganhhocsinh.com\/index.php\/testimonial-2\/","name":"Testimonial - Eros Fluent English","isPartOf":{"@id":"https:\/\/tienganhhocsinh.com\/#website"},"datePublished":"2025-07-25T07:17:44+00:00","breadcrumb":{"@id":"https:\/\/tienganhhocsinh.com\/index.php\/testimonial-2\/#breadcrumb"},"inLanguage":"vi","potentialAction":[{"@type":"ReadAction","target":["https:\/\/tienganhhocsinh.com\/index.php\/testimonial-2\/"]}]},{"@type":"BreadcrumbList","@id":"https:\/\/tienganhhocsinh.com\/index.php\/testimonial-2\/#breadcrumb","itemListElement":[{"@type":"ListItem","position":1,"name":"Trang ch\u1ee7","item":"https:\/\/tienganhhocsinh.com\/"},{"@type":"ListItem","position":2,"name":"Testimonial"}]},{"@type":"WebSite","@id":"https:\/\/tienganhhocsinh.com\/#website","url":"https:\/\/tienganhhocsinh.com\/","name":"Eros Fluent English","description":"","publisher":{"@id":"https:\/\/tienganhhocsinh.com\/#organization"},"potentialAction":[{"@type":"SearchAction","target":{"@type":"EntryPoint","urlTemplate":"https:\/\/tienganhhocsinh.com\/?s={search_term_string}"},"query-input":{"@type":"PropertyValueSpecification","valueRequired":true,"valueName":"search_term_string"}}],"inLanguage":"vi"},{"@type":"Organization","@id":"https:\/\/tienganhhocsinh.com\/#organization","name":"Eros Fluent English","url":"https:\/\/tienganhhocsinh.com\/","logo":{"@type":"ImageObject","inLanguage":"vi","@id":"https:\/\/tienganhhocsinh.com\/#\/schema\/logo\/image\/","url":"https:\/\/tienganhhocsinh.com\/wp-content\/uploads\/2025\/09\/cropped-cropped-FLUENT-ENGLISH-240-x-240-px-1.png","contentUrl":"https:\/\/tienganhhocsinh.com\/wp-content\/uploads\/2025\/09\/cropped-cropped-FLUENT-ENGLISH-240-x-240-px-1.png","width":240,"height":121,"caption":"Eros Fluent English"},"image":{"@id":"https:\/\/tienganhhocsinh.com\/#\/schema\/logo\/image\/"},"sameAs":["https:\/\/www.facebook.com\/erosfluentenglish","https:\/\/www.youtube.com\/@erosfluentenglish","https:\/\/www.tiktok.com\/@erosfluentenglish"]}]}},"jetpack_sharing_enabled":true,"_links":{"self":[{"href":"https:\/\/tienganhhocsinh.com\/index.php\/wp-json\/wp\/v2\/pages\/260","targetHints":{"allow":["GET"]}}],"collection":[{"href":"https:\/\/tienganhhocsinh.com\/index.php\/wp-json\/wp\/v2\/pages"}],"about":[{"href":"https:\/\/tienganhhocsinh.com\/index.php\/wp-json\/wp\/v2\/types\/page"}],"author":[{"embeddable":true,"href":"https:\/\/tienganhhocsinh.com\/index.php\/wp-json\/wp\/v2\/users\/1"}],"replies":[{"embeddable":true,"href":"https:\/\/tienganhhocsinh.com\/index.php\/wp-json\/wp\/v2\/comments?post=260"}],"version-history":[{"count":0,"href":"https:\/\/tienganhhocsinh.com\/index.php\/wp-json\/wp\/v2\/pages\/260\/revisions"}],"wp:attachment":[{"href":"https:\/\/tienganhhocsinh.com\/index.php\/wp-json\/wp\/v2\/media?parent=260"}],"curies":[{"name":"wp","href":"https:\/\/api.w.org\/{rel}","templated":true}]}}