{"id":25,"date":"2025-07-18T10:02:13","date_gmt":"2025-07-18T10:02:13","guid":{"rendered":"https:\/\/tienganhhocsinh.com\/index.php\/degree-thats-right-for-your-future\/"},"modified":"2025-08-21T16:37:11","modified_gmt":"2025-08-21T09:37:11","slug":"your-english-journey-starts-here","status":"publish","type":"page","link":"https:\/\/tienganhhocsinh.com\/index.php\/your-english-journey-starts-here\/","title":{"rendered":"Your English Journey Starts Here"},"content":{"rendered":"\n<p><mark style=\"background-color:rgba(0, 0, 0, 0);color:#00aeef\" class=\"has-inline-color\"><strong>H\u1eccC TI\u1ebeNG ANH NHI\u1ec0U N\u0102M, NH\u01afNG V\u1eaaN Y\u1ebeU K\u0128 N\u0102NG NGHE, N\u00d3I, VI\u1ebeT \u2013 V\u00cc SAO?<\/strong><\/mark><\/p>\n\n\n\n<p style=\"font-size:17px\"><br>N\u0103m 2023, t\u00f4i t\u1ed5 ch\u1ee9c m\u1ed9t bu\u1ed5i sinh ho\u1ea1t C\u00e2u l\u1ea1c b\u1ed9 ti\u1ebfng Anh d\u00e0nh cho m\u1eb9 v\u00e0 b\u00e9. T\u1ea1i bu\u1ed5i sinh ho\u1ea1t, m\u1ed9t b\u00e0 m\u1eb9 gi\u1edbi thi\u1ec7u con c\u1ee7a ch\u1ecb \u0111ang h\u1ecdc l\u1edbp 6 t\u1ea1i tr\u01b0\u1eddng qu\u1ed1c t\u1ebf kh\u00e1 \u0111\u00ecnh \u0111\u00e1m. T\u00f4i h\u1ecfi b\u00e9: \u201cWhat\u2019s your name?\u201d V\u00e0 b\u00e9 l\u1eb7ng im, kh\u00f4ng th\u1ec3 tr\u1ea3 l\u1eddi.<\/p>\n\n\n\n<p style=\"font-size:17px\"><br>B\u1ea1n c\u00f3 th\u1ea5y c\u00e2u chuy\u1ec7n n\u00e0y r\u1ea5t quen thu\u1ed9c? B\u1ea1n hay Con B\u1ea1n c\u0169ng \u0111\u00e3 v\u00e0 \u0111ang r\u01a1i v\u00e0o tr\u01b0\u1eddng h\u1ee3p t\u01b0\u01a1ng t\u1ef1 nh\u01b0 v\u1eady v\u00e0 gi\u1edd \u0111\u00e2y th\u1ebf k\u1ec9 21, ng\u00e0y th\u00e1ng m\u00e0 l\u1edbp h\u1ecdc ti\u1ebfng Anh c\u00f2n c\u00f3 AI, c\u00e1c c\u00f4ng c\u1ee5 c\u00f4ng ngh\u1ec7 h\u1ed7 tr\u1ee3, c\u00f3 gi\u00e1o vi\u00ean b\u1ea3n ng\u1eef, nh\u01b0ng con b\u1ea1n v\u1eabn g\u1eb7p v\u1ea5n \u0111\u1ec1 v\u1ec1 giao ti\u1ebfp ti\u1ebfng Anh?<\/p>\n\n\n\n<p style=\"font-size:17px\"><br>T\u00f4i tr\u00f2 chuy\u1ec7n v\u1edbi r\u1ea5t nhi\u1ec1u ph\u1ee5 huynh c\u00f3 con em h\u1ecdc tr\u01b0\u1eddng c\u00f4ng, trung t\u00e2m Anh ng\u1eef, v\u00e0 c\u1ea3 tr\u01b0\u1eddng qu\u1ed1c t\u1ebf, v.v\u2026 v\u1ec1 vi\u1ec7c h\u1ecdc ti\u1ebfng Anh c\u1ee7a c\u00e1c con. C\u00f3 3 c\u00e2u tr\u1ea3 l\u1eddi m\u00e0 ph\u1ee5 huynh chia s\u1ebb v\u1edbi t\u00f4i:<\/p>\n\n\n\n<ul class=\"wp-block-list\">\n<li style=\"font-size:17px\">L\u1edbp h\u1ecdc s\u0129 s\u1ed1 \u0111\u00f4ng n\u00ean c\u00e1c b\u00e9 kh\u00f4ng theo k\u1ecbp v\u00e0 ch\u1ec9 c\u1ea7n m\u1ea5t c\u0103n b\u1ea3n 1 n\u0103m th\u00ec sau \u0111\u00f3 c\u00e1c con s\u1ebd \u201cb\u01a1i\u201d.<\/li>\n\n\n\n<li style=\"font-size:17px\">Trung t\u00e2m, c\u00e1c tr\u01b0\u1eddng d\u1ea1y ti\u1ebfng Anh r\u1ea5t nhi\u1ec1u nh\u01b0ng kh\u00f4ng d\u1ec5 d\u00e0ng t\u00ecm \u0111\u01b0\u1ee3c th\u1ea7y c\u00f4 gi\u00e1o d\u1ea1y gi\u1ecfi v\u00e0 t\u1eadn t\u00e2m v\u00ec h\u1ecdc sinh.<\/li>\n\n\n\n<li style=\"font-size:17px\">L\u1edbp h\u1ecdc d\u00f9 c\u00f3 Gi\u00e1o vi\u00ean b\u1ea3n ng\u1eef, nh\u01b0ng l\u1edbp h\u1ecdc qu\u00e1 \u0111\u00f4ng, c\u01a1 h\u1ed9i \u0111\u1ec3 ph\u00e1t tri\u1ec3n v\u00e0 luy\u1ec7n n\u00f3i c\u00e1c c\u00e2u ph\u1ee9c t\u1ea1p r\u1ea5t \u00edt v\u00e0 hi\u1ebfm.<\/li>\n<\/ul>\n\n\n\n<p style=\"font-size:17px\"><br>Do \u0111\u00f3, <strong>Eros Fluent English<\/strong> ch\u1ecdn ph\u01b0\u01a1ng ph\u00e1p \u0111\u00e0o t\u1ea1o l\u00e0 l\u1ea5y h\u1ecdc sinh l\u00e0m trung t\u00e2m (<strong>Child-Centered Approach<\/strong>) v\u00e0 ph\u01b0\u01a1ng ph\u00e1p c\u00f3 s\u1ef1 tham gia (<strong>Participatory Learning Approach<\/strong>) v\u1edbi s\u0129 s\u1ed1 h\u1ecdc sinh t\u1ea1i m\u1ed7i l\u1edbp t\u1ed1i \u0111a l\u00e0 6 b\u1ea1n. Gi\u00e1o tr\u00ecnh \u0111\u01b0\u1ee3c ch\u1ecdn l\u1ef1a \u0111\u1ec3 c\u00e1c h\u1ecdc vi\u00ean \u0111\u00e1p \u1ee9ng \u0111\u01b0\u1ee3c y\u00eau c\u1ea7u thi c\u1eed c\u1ee7a tr\u01b0\u1eddng l\u1edbp v\u00e0 \u0111\u1ed3ng th\u1eddi \u0111\u1ed9i ng\u0169 Gi\u00e1o vi\u00ean s\u1ebd gi\u00fap c\u00e1c con kh\u00e1m ph\u00e1 \u0111am m\u00ea, ti\u1ec1m n\u0103ng v\u00e0 y\u00eau c\u1ea7u th\u1ef1c, li\u00ean t\u1ee5c c\u1eadp nh\u1eadt c\u1ee7a th\u1ecb tr\u01b0\u1eddng lao \u0111\u1ed9ng.<\/p>\n\n\n\n<p style=\"font-size:17px\"><br>Ch\u00fang t\u00f4i hi\u1ec3u v\u00e0 t\u00e2m ni\u1ec7m r\u1eb1ng: \u201cKh\u00f4ng c\u00f3 ph\u01b0\u01a1ng ph\u00e1p h\u1ecdc ho\u00e0n h\u1ea3o nh\u1ea5t. Ch\u1ec9 c\u00f3 ph\u01b0\u01a1ng ph\u00e1p, ng\u01b0\u1eddi th\u1ea7y ph\u00f9 h\u1ee3p t\u1eebng \u0111\u1ee9a tr\u1ebb.\u201d<\/p>\n\n\n\n<p style=\"font-size:17px\"><br>R\u1ea5t mong c\u01a1 h\u1ed9i h\u1ee3p t\u00e1c v\u1edbi Ph\u1ee5 huynh v\u00e0 h\u1ecdc vi\u00ean.<\/p>\n\n\n\n<p style=\"font-size:17px\"><br>\u0110\u1ed9i ng\u0169 Eros Fluent English.<\/p>\n\n\n\n<div class=\"wp-block-buttons is-content-justification-center is-layout-flex wp-container-core-buttons-is-layout-16018d1d wp-block-buttons-is-layout-flex\">\n<div class=\"wp-block-button is-style-outline is-style-outline--1\"><a class=\"wp-block-button__link has-white-color has-text-color has-background has-link-color has-text-align-center wp-element-button\" href=\"https:\/\/tienganhhocsinh.com\/index.php\/about-us\/\" style=\"background-color:#00aeef\" target=\"_blank\" rel=\"noreferrer noopener\">T\u00ecm hi\u1ec3u th\u00eam<\/a><\/div>\n\n\n\n<div class=\"wp-block-button is-style-outline is-style-outline--2\"><a class=\"wp-block-button__link has-white-color has-text-color has-background has-link-color has-text-align-center wp-element-button\" href=\"https:\/\/tienganhhocsinh.com\/index.php\/contact-3\/\" style=\"background-color:#00aeef\" target=\"_blank\" rel=\"noreferrer noopener\">Li\u00ean h\u1ec7 ch\u00fang t\u00f4i<\/a><\/div>\n<\/div>\n","protected":false},"excerpt":{"rendered":"<p>H\u1eccC TI\u1ebeNG ANH NHI\u1ec0U N\u0102M, NH\u01afNG V\u1eaaN Y\u1ebeU K\u0128 N\u0102NG NGHE, N\u00d3I, VI\u1ebeT \u2013 V\u00cc SAO? N\u0103m 2023, t\u00f4i t\u1ed5 [&hellip;]<\/p>\n","protected":false},"author":1,"featured_media":26,"parent":0,"menu_order":0,"comment_status":"closed","ping_status":"closed","template":"","meta":{"footnotes":""},"class_list":["post-25","page","type-page","status-publish","has-post-thumbnail","hentry"],"yoast_head":"<!-- This site is optimized with the Yoast SEO plugin v26.2 - https:\/\/yoast.com\/wordpress\/plugins\/seo\/ -->\n<title>Your English Journey Starts Here - Eros Fluent English<\/title>\n<meta name=\"robots\" content=\"index, follow, max-snippet:-1, max-image-preview:large, max-video-preview:-1\" \/>\n<link rel=\"canonical\" href=\"https:\/\/tienganhhocsinh.com\/index.php\/your-english-journey-starts-here\/\" \/>\n<meta property=\"og:locale\" content=\"vi_VN\" \/>\n<meta property=\"og:type\" content=\"article\" \/>\n<meta property=\"og:title\" content=\"Your English Journey Starts Here - Eros Fluent English\" \/>\n<meta property=\"og:description\" content=\"H\u1eccC TI\u1ebeNG ANH NHI\u1ec0U N\u0102M, NH\u01afNG V\u1eaaN Y\u1ebeU K\u0128 N\u0102NG NGHE, N\u00d3I, VI\u1ebeT \u2013 V\u00cc SAO? N\u0103m 2023, t\u00f4i t\u1ed5 [&hellip;]\" \/>\n<meta property=\"og:url\" content=\"https:\/\/tienganhhocsinh.com\/index.php\/your-english-journey-starts-here\/\" \/>\n<meta property=\"og:site_name\" content=\"Eros Fluent English\" \/>\n<meta property=\"article:publisher\" content=\"https:\/\/www.facebook.com\/erosfluentenglish\" \/>\n<meta property=\"article:modified_time\" content=\"2025-08-21T09:37:11+00:00\" \/>\n<meta property=\"og:image\" content=\"https:\/\/tienganhhocsinh.com\/wp-content\/uploads\/2025\/07\/slider-img.jpg\" \/>\n\t<meta property=\"og:image:width\" content=\"1200\" \/>\n\t<meta property=\"og:image:height\" content=\"800\" \/>\n\t<meta property=\"og:image:type\" content=\"image\/jpeg\" \/>\n<meta name=\"twitter:card\" content=\"summary_large_image\" \/>\n<meta name=\"twitter:label1\" content=\"\u01af\u1edbc t\u00ednh th\u1eddi gian \u0111\u1ecdc\" \/>\n\t<meta name=\"twitter:data1\" content=\"3 ph\u00fat\" \/>\n<script type=\"application\/ld+json\" class=\"yoast-schema-graph\">{\"@context\":\"https:\/\/schema.org\",\"@graph\":[{\"@type\":\"WebPage\",\"@id\":\"https:\/\/tienganhhocsinh.com\/index.php\/your-english-journey-starts-here\/\",\"url\":\"https:\/\/tienganhhocsinh.com\/index.php\/your-english-journey-starts-here\/\",\"name\":\"Your English Journey Starts Here - Eros Fluent English\",\"isPartOf\":{\"@id\":\"https:\/\/tienganhhocsinh.com\/#website\"},\"primaryImageOfPage\":{\"@id\":\"https:\/\/tienganhhocsinh.com\/index.php\/your-english-journey-starts-here\/#primaryimage\"},\"image\":{\"@id\":\"https:\/\/tienganhhocsinh.com\/index.php\/your-english-journey-starts-here\/#primaryimage\"},\"thumbnailUrl\":\"https:\/\/tienganhhocsinh.com\/wp-content\/uploads\/2025\/07\/slider-img.jpg\",\"datePublished\":\"2025-07-18T10:02:13+00:00\",\"dateModified\":\"2025-08-21T09:37:11+00:00\",\"breadcrumb\":{\"@id\":\"https:\/\/tienganhhocsinh.com\/index.php\/your-english-journey-starts-here\/#breadcrumb\"},\"inLanguage\":\"vi\",\"potentialAction\":[{\"@type\":\"ReadAction\",\"target\":[\"https:\/\/tienganhhocsinh.com\/index.php\/your-english-journey-starts-here\/\"]}]},{\"@type\":\"ImageObject\",\"inLanguage\":\"vi\",\"@id\":\"https:\/\/tienganhhocsinh.com\/index.php\/your-english-journey-starts-here\/#primaryimage\",\"url\":\"https:\/\/tienganhhocsinh.com\/wp-content\/uploads\/2025\/07\/slider-img.jpg\",\"contentUrl\":\"https:\/\/tienganhhocsinh.com\/wp-content\/uploads\/2025\/07\/slider-img.jpg\",\"width\":1200,\"height\":800},{\"@type\":\"BreadcrumbList\",\"@id\":\"https:\/\/tienganhhocsinh.com\/index.php\/your-english-journey-starts-here\/#breadcrumb\",\"itemListElement\":[{\"@type\":\"ListItem\",\"position\":1,\"name\":\"Trang ch\u1ee7\",\"item\":\"https:\/\/tienganhhocsinh.com\/\"},{\"@type\":\"ListItem\",\"position\":2,\"name\":\"Your English Journey Starts Here\"}]},{\"@type\":\"WebSite\",\"@id\":\"https:\/\/tienganhhocsinh.com\/#website\",\"url\":\"https:\/\/tienganhhocsinh.com\/\",\"name\":\"Eros Fluent English\",\"description\":\"\",\"publisher\":{\"@id\":\"https:\/\/tienganhhocsinh.com\/#organization\"},\"potentialAction\":[{\"@type\":\"SearchAction\",\"target\":{\"@type\":\"EntryPoint\",\"urlTemplate\":\"https:\/\/tienganhhocsinh.com\/?s={search_term_string}\"},\"query-input\":{\"@type\":\"PropertyValueSpecification\",\"valueRequired\":true,\"valueName\":\"search_term_string\"}}],\"inLanguage\":\"vi\"},{\"@type\":\"Organization\",\"@id\":\"https:\/\/tienganhhocsinh.com\/#organization\",\"name\":\"Eros Fluent English\",\"url\":\"https:\/\/tienganhhocsinh.com\/\",\"logo\":{\"@type\":\"ImageObject\",\"inLanguage\":\"vi\",\"@id\":\"https:\/\/tienganhhocsinh.com\/#\/schema\/logo\/image\/\",\"url\":\"https:\/\/tienganhhocsinh.com\/wp-content\/uploads\/2025\/09\/cropped-cropped-FLUENT-ENGLISH-240-x-240-px-1.png\",\"contentUrl\":\"https:\/\/tienganhhocsinh.com\/wp-content\/uploads\/2025\/09\/cropped-cropped-FLUENT-ENGLISH-240-x-240-px-1.png\",\"width\":240,\"height\":121,\"caption\":\"Eros Fluent English\"},\"image\":{\"@id\":\"https:\/\/tienganhhocsinh.com\/#\/schema\/logo\/image\/\"},\"sameAs\":[\"https:\/\/www.facebook.com\/erosfluentenglish\",\"https:\/\/www.youtube.com\/@erosfluentenglish\",\"https:\/\/www.tiktok.com\/@erosfluentenglish\"]}]}<\/script>\n<!-- \/ Yoast SEO plugin. -->","yoast_head_json":{"title":"Your English Journey Starts Here - Eros Fluent English","robots":{"index":"index","follow":"follow","max-snippet":"max-snippet:-1","max-image-preview":"max-image-preview:large","max-video-preview":"max-video-preview:-1"},"canonical":"https:\/\/tienganhhocsinh.com\/index.php\/your-english-journey-starts-here\/","og_locale":"vi_VN","og_type":"article","og_title":"Your English Journey Starts Here - Eros Fluent English","og_description":"H\u1eccC TI\u1ebeNG ANH NHI\u1ec0U N\u0102M, NH\u01afNG V\u1eaaN Y\u1ebeU K\u0128 N\u0102NG NGHE, N\u00d3I, VI\u1ebeT \u2013 V\u00cc SAO? N\u0103m 2023, t\u00f4i t\u1ed5 [&hellip;]","og_url":"https:\/\/tienganhhocsinh.com\/index.php\/your-english-journey-starts-here\/","og_site_name":"Eros Fluent English","article_publisher":"https:\/\/www.facebook.com\/erosfluentenglish","article_modified_time":"2025-08-21T09:37:11+00:00","og_image":[{"width":1200,"height":800,"url":"https:\/\/tienganhhocsinh.com\/wp-content\/uploads\/2025\/07\/slider-img.jpg","type":"image\/jpeg"}],"twitter_card":"summary_large_image","twitter_misc":{"\u01af\u1edbc t\u00ednh th\u1eddi gian \u0111\u1ecdc":"3 ph\u00fat"},"schema":{"@context":"https:\/\/schema.org","@graph":[{"@type":"WebPage","@id":"https:\/\/tienganhhocsinh.com\/index.php\/your-english-journey-starts-here\/","url":"https:\/\/tienganhhocsinh.com\/index.php\/your-english-journey-starts-here\/","name":"Your English Journey Starts Here - Eros Fluent English","isPartOf":{"@id":"https:\/\/tienganhhocsinh.com\/#website"},"primaryImageOfPage":{"@id":"https:\/\/tienganhhocsinh.com\/index.php\/your-english-journey-starts-here\/#primaryimage"},"image":{"@id":"https:\/\/tienganhhocsinh.com\/index.php\/your-english-journey-starts-here\/#primaryimage"},"thumbnailUrl":"https:\/\/tienganhhocsinh.com\/wp-content\/uploads\/2025\/07\/slider-img.jpg","datePublished":"2025-07-18T10:02:13+00:00","dateModified":"2025-08-21T09:37:11+00:00","breadcrumb":{"@id":"https:\/\/tienganhhocsinh.com\/index.php\/your-english-journey-starts-here\/#breadcrumb"},"inLanguage":"vi","potentialAction":[{"@type":"ReadAction","target":["https:\/\/tienganhhocsinh.com\/index.php\/your-english-journey-starts-here\/"]}]},{"@type":"ImageObject","inLanguage":"vi","@id":"https:\/\/tienganhhocsinh.com\/index.php\/your-english-journey-starts-here\/#primaryimage","url":"https:\/\/tienganhhocsinh.com\/wp-content\/uploads\/2025\/07\/slider-img.jpg","contentUrl":"https:\/\/tienganhhocsinh.com\/wp-content\/uploads\/2025\/07\/slider-img.jpg","width":1200,"height":800},{"@type":"BreadcrumbList","@id":"https:\/\/tienganhhocsinh.com\/index.php\/your-english-journey-starts-here\/#breadcrumb","itemListElement":[{"@type":"ListItem","position":1,"name":"Trang ch\u1ee7","item":"https:\/\/tienganhhocsinh.com\/"},{"@type":"ListItem","position":2,"name":"Your English Journey Starts Here"}]},{"@type":"WebSite","@id":"https:\/\/tienganhhocsinh.com\/#website","url":"https:\/\/tienganhhocsinh.com\/","name":"Eros Fluent English","description":"","publisher":{"@id":"https:\/\/tienganhhocsinh.com\/#organization"},"potentialAction":[{"@type":"SearchAction","target":{"@type":"EntryPoint","urlTemplate":"https:\/\/tienganhhocsinh.com\/?s={search_term_string}"},"query-input":{"@type":"PropertyValueSpecification","valueRequired":true,"valueName":"search_term_string"}}],"inLanguage":"vi"},{"@type":"Organization","@id":"https:\/\/tienganhhocsinh.com\/#organization","name":"Eros Fluent English","url":"https:\/\/tienganhhocsinh.com\/","logo":{"@type":"ImageObject","inLanguage":"vi","@id":"https:\/\/tienganhhocsinh.com\/#\/schema\/logo\/image\/","url":"https:\/\/tienganhhocsinh.com\/wp-content\/uploads\/2025\/09\/cropped-cropped-FLUENT-ENGLISH-240-x-240-px-1.png","contentUrl":"https:\/\/tienganhhocsinh.com\/wp-content\/uploads\/2025\/09\/cropped-cropped-FLUENT-ENGLISH-240-x-240-px-1.png","width":240,"height":121,"caption":"Eros Fluent English"},"image":{"@id":"https:\/\/tienganhhocsinh.com\/#\/schema\/logo\/image\/"},"sameAs":["https:\/\/www.facebook.com\/erosfluentenglish","https:\/\/www.youtube.com\/@erosfluentenglish","https:\/\/www.tiktok.com\/@erosfluentenglish"]}]}},"jetpack_sharing_enabled":true,"_links":{"self":[{"href":"https:\/\/tienganhhocsinh.com\/index.php\/wp-json\/wp\/v2\/pages\/25","targetHints":{"allow":["GET"]}}],"collection":[{"href":"https:\/\/tienganhhocsinh.com\/index.php\/wp-json\/wp\/v2\/pages"}],"about":[{"href":"https:\/\/tienganhhocsinh.com\/index.php\/wp-json\/wp\/v2\/types\/page"}],"author":[{"embeddable":true,"href":"https:\/\/tienganhhocsinh.com\/index.php\/wp-json\/wp\/v2\/users\/1"}],"replies":[{"embeddable":true,"href":"https:\/\/tienganhhocsinh.com\/index.php\/wp-json\/wp\/v2\/comments?post=25"}],"version-history":[{"count":5,"href":"https:\/\/tienganhhocsinh.com\/index.php\/wp-json\/wp\/v2\/pages\/25\/revisions"}],"predecessor-version":[{"id":753,"href":"https:\/\/tienganhhocsinh.com\/index.php\/wp-json\/wp\/v2\/pages\/25\/revisions\/753"}],"wp:featuredmedia":[{"embeddable":true,"href":"https:\/\/tienganhhocsinh.com\/index.php\/wp-json\/wp\/v2\/media\/26"}],"wp:attachment":[{"href":"https:\/\/tienganhhocsinh.com\/index.php\/wp-json\/wp\/v2\/media?parent=25"}],"curies":[{"name":"wp","href":"https:\/\/api.w.org\/{rel}","templated":true}]}}