{"id":17,"date":"2025-07-18T10:02:13","date_gmt":"2025-07-18T10:02:13","guid":{"rendered":"https:\/\/tienganhhocsinh.com\/index.php\/about-us\/"},"modified":"2025-09-10T18:19:40","modified_gmt":"2025-09-10T11:19:40","slug":"about-us","status":"publish","type":"page","link":"https:\/\/tienganhhocsinh.com\/index.php\/about-us\/","title":{"rendered":"About Us"},"content":{"rendered":"\n<h1 class=\"wp-block-heading has-text-align-center\" style=\"font-size:30px\"><mark style=\"background-color:rgba(0, 0, 0, 0);color:#00aeef\" class=\"has-inline-color\"><strong>H\u1ecdc Ti\u1ebfng Anh, M\u1edf L\u1ed1i S\u1ef1 Nghi\u1ec7p!<\/strong><\/mark><\/h1>\n\n\n\n<div style=\"height:35px\" aria-hidden=\"true\" class=\"wp-block-spacer\"><\/div>\n\n\n\n<p><strong>Eros Fluent English<\/strong> ra \u0111\u1eddi t\u1eeb tr\u0103n tr\u1edf c\u1ee7a \u0111\u1ed9i ng\u0169 mu\u1ed1n mang \u0111\u1ebfn m\u00f4i tr\u01b0\u1eddng h\u1ecdc ti\u1ebfng Anh mang t\u00ednh th\u1ef1c t\u1ebf, vui v\u1ebb, hi\u1ec7u qu\u1ea3 theo <strong>Ph\u01b0\u01a1ng Ph\u00e1p Project Based Learning<\/strong> v\u00e0 <strong>Participatory Approach<\/strong>. \u0110\u1ed9i ng\u0169 gi\u00e1o vi\u00ean t\u1ed1t nghi\u1ec7p chuy\u00ean ng\u00e0nh S\u01b0 Ph\u1ea1m, gi\u00e0u kinh nghi\u1ec7m gi\u1ea3ng d\u1ea1y v\u00e0 \u0111\u1eb7c bi\u1ec7t t\u1eebng gi\u1eef v\u1ecb tr\u00ed Gi\u00e1m \u0111\u1ed1c C\u1ea5p Cao t\u1ea1i c\u00e1c c\u00f4ng ty \u0111a qu\u1ed1c gia v\u00e0 n\u1eafm \u0111\u01b0\u1ee3c nhu c\u1ea7u c\u1ee7a Nh\u00e0 tuy\u1ec3n d\u1ee5ng v\u00e0 th\u1ecb tr\u01b0\u1eddng.<\/p>\n\n\n\n<p>Ch\u00fang t\u00f4i cam k\u1ebft gi\u00fap h\u1ecdc vi\u00ean t\u00ecm \u0111\u01b0\u1ee3c ni\u1ec1m say m\u00ea v\u1edbi m\u00f4n ti\u1ebfng Anh v\u00e0 ph\u00e1t huy K\u1ef9 n\u0103ng <strong>Speaking<\/strong>, <strong>Listening<\/strong>, <strong>Reading<\/strong>, <strong>Writing<\/strong> v\u1edbi c\u00e1c t\u00ecnh hu\u1ed1ng \u1ee9ng d\u1ee5ng v\u00e0o trong \u0111\u1eddi s\u1ed1ng th\u1ef1c ho\u1eb7c b\u00e0i thi.<\/p>\n\n\n\n<p>Kh\u00f3a h\u1ecdc \u0111\u01b0\u1ee3c thi\u1ebft k\u1ebf c\u00e1 nh\u00e2n h\u00f3a theo tr\u00ecnh \u0111\u1ed9 v\u00e0 s\u1edf th\u00edch t\u1eebng h\u1ecdc vi\u00ean, t\u1eadp trung ph\u1ea3n x\u1ea1 th\u1ef1c t\u1ebf qua tr\u00f2 ch\u01a1i, d\u1ef1 \u00e1n, \u0111\u00f3ng vai. S\u0129 s\u1ed1 t\u1ed1i \u0111a 6 b\u1ea1n, gi\u00e1o vi\u00ean s\u00e1t sao t\u1eebng b\u1ea1n.<\/p>\n\n\n\n<p>Sau 1 n\u0103m ho\u1ea1t \u0111\u1ed9ng, 95% h\u1ecdc vi\u00ean \u0111\u1ea1t \u0111i\u1ec3m kh\u00e1 \u1edf tr\u01b0\u1eddng, c\u00f3 h\u1ecdc vi\u00ean b\u1ee9t ph\u00e1 \u0111\u1ea1t 8.0 IELTS ch\u1ec9 sau 2 th\u00e1ng. L\u1edbp h\u1ecdc c\u1eadp nh\u1eadt ch\u01b0\u01a1ng tr\u00ecnh h\u1ecdc hi\u1ec7n \u0111\u1ea1i, h\u01b0\u1edbng d\u1eabn h\u1ecdc vi\u00ean d\u00f9ng AI cho vi\u1ec7c h\u1ecdc m\u1ed9t c\u00e1ch ch\u1ee7 \u0111\u1ed9ng, l\u00e0m ch\u1ee7 AI ch\u1ee9 kh\u00f4ng ph\u1ee5 thu\u1ed9c AI, ph\u1ea7n m\u1ec1m luy\u1ec7n nghe \u2013 n\u00f3i <strong><em>mi\u1ec5n ph\u00ed 24\/7.<\/em><\/strong><\/p>\n\n\n\n<div class=\"wp-block-media-text is-stacked-on-mobile is-vertically-aligned-center\" style=\"grid-template-columns:30% auto\"><figure class=\"wp-block-media-text__media\"><video controls src=\"https:\/\/tienganhhocsinh.com\/wp-content\/uploads\/2025\/08\/2.mp4\"><\/video><\/figure><div class=\"wp-block-media-text__content\">\n<p style=\"font-size:17px\"><strong><em><mark style=\"background-color:rgba(0, 0, 0, 0)\" class=\"has-inline-color has-vivid-red-color\">REVIEW H\u1eccC SINH L\u1edaP 11 \u0110\u1ea0T IELTS 8.0<\/mark><\/em><\/strong><\/p>\n\n\n\n<p><em>When I first decided to learn IELTS, my goal was to score at 6.5 overall. However, Mentor Eros after reviewing my entrance test told me that I could aim for a higher grade. Throughout the 2-months study period, I received hundreds of pages of study materials, experienced more than 20 hours of speaking mock tests, and analyzed numerous writing practices. The detailed breakdown of the writing and speaking criteria provided by Mentor Eros have greatly assisted me on the exam day. Moreover, Mentor Eros created a study environment which was both comfortable and approachable. During classes, the constant open and engaging conversations between teachers and students make the study period highly effective and time-efficient.<\/em><\/p>\n<\/div><\/div>\n\n\n\n<p><\/p>\n\n\n\n<p>Theo s\u1ed1 li\u1ec7u t\u1ed5ng h\u1ee3p, 1 h\u1ecdc sinh Vi\u1ec7t \u0111ang d\u00e0nh t\u1ed5ng s\u1ed1 870 gi\u1edd h\u1ecdc tr\u00ean l\u1edbp t\u1eeb l\u1edbp 3 \u0111\u1ebfn 12 theo ch\u01b0\u01a1ng tr\u00ecnh c\u1ee7a B\u1ed9 Gi\u00e1o D\u1ee5c \u0110\u00e0o T\u1ea1o, v\u1edbi m\u1ee5c ti\u00eau l\u00e0 sau khi ho\u00e0n th\u00e0nh, h\u1ecdc sinh \u0111\u1ea1t tr\u00ecnh \u0111\u1ed9 ti\u1ebfng Anh b\u1eadc 3 trong Khung n\u0103ng l\u1ef1c ngo\u1ea1i ng\u1eef 6 b\u1eadc, \u1ee9ng v\u1edbi m\u1ee9c B1 c\u1ee7a Khung tham chi\u1ebfu tr\u00ecnh \u0111\u1ed9 ng\u00f4n ng\u1eef chung ch\u00e2u \u00c2u (CEFR).<\/p>\n\n\n\n<p>Trong khi \u0111\u00f3, t\u1ed5 ch\u1ee9c kh\u1ea3o th\u00ed \u0110\u1ea1i h\u1ecdc Cambridge \u01b0\u1edbc t\u00ednh \u0111\u1ec3 \u0111\u1ea1t m\u1ee9c n\u00e0y, m\u1ed9t ng\u01b0\u1eddi ch\u1ec9 c\u1ea7n kho\u1ea3ng 350-400 gi\u1edd h\u1ecdc c\u00f3 h\u01b0\u1edbng d\u1eabn &#8211; t\u1ee9c g\u1ea7n m\u1ed9t n\u1eeda th\u1eddi l\u01b0\u1ee3ng h\u1ecdc ti\u1ebfng Anh c\u1ee7a h\u1ecdc sinh ph\u1ed5 th\u00f4ng \u1edf tr\u01b0\u1eddng.<\/p>\n\n\n\n<p>H\u00e3y \u0111\u1ec3 con b\u1ea1n tr\u1ea3i nghi\u1ec7m <strong><em>1 bu\u1ed5i h\u1ecdc th\u1eed <\/em><\/strong><em><strong>mi\u1ec5n ph\u00ed<\/strong><\/em>. <\/p>\n\n\n\n<p>\u0110\u0103ng k\u00ed t\u1ea1i \u0111\u00e2y: <a href=\"https:\/\/tienganhhocsinh.com\/index.php\/contact-3\/\" data-type=\"page\" data-id=\"258\"><mark style=\"background-color:rgba(0, 0, 0, 0);color:#00aeef\" class=\"has-inline-color\">Contact<\/mark><\/a> ho\u1eb7c g\u1ecdi <strong><mark style=\"background-color:rgba(0, 0, 0, 0)\" class=\"has-inline-color has-black-color\">0977-843-701<\/mark><\/strong> (c\u00f3 <strong>Zalo<\/strong>) \u0111\u1ec3 \u0111\u01b0\u1ee3c t\u01b0 v\u1ea5n.<\/p>\n\n\n\n<p><br><strong>\u0110\u1eb7c bi\u1ec7t:<\/strong> tham gia Kh\u00f3a h\u1ecdc t\u1ea1i <mark style=\"background-color:rgba(0, 0, 0, 0)\" class=\"has-inline-color has-vivid-red-color\"><strong>Eros Fluent English<\/strong>,<\/mark> h\u1ecdc vi\u00ean \u0111\u01b0\u1ee3c t\u1eb7ng <strong>Free<\/strong> 1 bu\u1ed5i sinh ho\u1ea1t <strong>C\u00e2u L\u1ea1c B\u1ed9 ti\u1ebfng Anh<\/strong>\/ th\u00e1ng v\u00e0 1 bu\u1ed5i h\u01b0\u1edbng d\u1eabn <strong>K\u0129 n\u0103ng Networking VIP<\/strong>.<\/p>\n","protected":false},"excerpt":{"rendered":"<p>H\u1ecdc Ti\u1ebfng Anh, M\u1edf L\u1ed1i S\u1ef1 Nghi\u1ec7p! Eros Fluent English ra \u0111\u1eddi t\u1eeb tr\u0103n tr\u1edf c\u1ee7a \u0111\u1ed9i ng\u0169 mu\u1ed1n mang [&hellip;]<\/p>\n","protected":false},"author":1,"featured_media":581,"parent":0,"menu_order":0,"comment_status":"closed","ping_status":"closed","template":"page-template\/page-with-right-sidebar.php","meta":{"footnotes":""},"class_list":["post-17","page","type-page","status-publish","has-post-thumbnail","hentry"],"yoast_head":"<!-- This site is optimized with the Yoast SEO plugin v26.2 - https:\/\/yoast.com\/wordpress\/plugins\/seo\/ -->\n<title>About Us - Eros Fluent English<\/title>\n<meta name=\"robots\" content=\"index, follow, max-snippet:-1, max-image-preview:large, max-video-preview:-1\" \/>\n<link rel=\"canonical\" href=\"https:\/\/tienganhhocsinh.com\/index.php\/about-us\/\" \/>\n<meta property=\"og:locale\" content=\"vi_VN\" \/>\n<meta property=\"og:type\" content=\"article\" \/>\n<meta property=\"og:title\" content=\"About Us - Eros Fluent English\" \/>\n<meta property=\"og:description\" content=\"H\u1ecdc Ti\u1ebfng Anh, M\u1edf L\u1ed1i S\u1ef1 Nghi\u1ec7p! Eros Fluent English ra \u0111\u1eddi t\u1eeb tr\u0103n tr\u1edf c\u1ee7a \u0111\u1ed9i ng\u0169 mu\u1ed1n mang [&hellip;]\" \/>\n<meta property=\"og:url\" content=\"https:\/\/tienganhhocsinh.com\/index.php\/about-us\/\" \/>\n<meta property=\"og:site_name\" content=\"Eros Fluent English\" \/>\n<meta property=\"article:publisher\" content=\"https:\/\/www.facebook.com\/erosfluentenglish\" \/>\n<meta property=\"article:modified_time\" content=\"2025-09-10T11:19:40+00:00\" \/>\n<meta property=\"og:image\" content=\"https:\/\/tienganhhocsinh.com\/wp-content\/uploads\/2025\/08\/With-Eros-Thuong-Nguyen-6.png\" \/>\n\t<meta property=\"og:image:width\" content=\"2560\" \/>\n\t<meta property=\"og:image:height\" content=\"1440\" \/>\n\t<meta property=\"og:image:type\" content=\"image\/png\" \/>\n<meta name=\"twitter:card\" content=\"summary_large_image\" \/>\n<meta name=\"twitter:label1\" content=\"\u01af\u1edbc t\u00ednh th\u1eddi gian \u0111\u1ecdc\" \/>\n\t<meta name=\"twitter:data1\" content=\"4 ph\u00fat\" \/>\n<script type=\"application\/ld+json\" class=\"yoast-schema-graph\">{\"@context\":\"https:\/\/schema.org\",\"@graph\":[{\"@type\":\"WebPage\",\"@id\":\"https:\/\/tienganhhocsinh.com\/index.php\/about-us\/\",\"url\":\"https:\/\/tienganhhocsinh.com\/index.php\/about-us\/\",\"name\":\"About Us - Eros Fluent English\",\"isPartOf\":{\"@id\":\"https:\/\/tienganhhocsinh.com\/#website\"},\"primaryImageOfPage\":{\"@id\":\"https:\/\/tienganhhocsinh.com\/index.php\/about-us\/#primaryimage\"},\"image\":{\"@id\":\"https:\/\/tienganhhocsinh.com\/index.php\/about-us\/#primaryimage\"},\"thumbnailUrl\":\"https:\/\/tienganhhocsinh.com\/wp-content\/uploads\/2025\/08\/With-Eros-Thuong-Nguyen-6.png\",\"datePublished\":\"2025-07-18T10:02:13+00:00\",\"dateModified\":\"2025-09-10T11:19:40+00:00\",\"breadcrumb\":{\"@id\":\"https:\/\/tienganhhocsinh.com\/index.php\/about-us\/#breadcrumb\"},\"inLanguage\":\"vi\",\"potentialAction\":[{\"@type\":\"ReadAction\",\"target\":[\"https:\/\/tienganhhocsinh.com\/index.php\/about-us\/\"]}]},{\"@type\":\"ImageObject\",\"inLanguage\":\"vi\",\"@id\":\"https:\/\/tienganhhocsinh.com\/index.php\/about-us\/#primaryimage\",\"url\":\"https:\/\/tienganhhocsinh.com\/wp-content\/uploads\/2025\/08\/With-Eros-Thuong-Nguyen-6.png\",\"contentUrl\":\"https:\/\/tienganhhocsinh.com\/wp-content\/uploads\/2025\/08\/With-Eros-Thuong-Nguyen-6.png\",\"width\":2560,\"height\":1440},{\"@type\":\"BreadcrumbList\",\"@id\":\"https:\/\/tienganhhocsinh.com\/index.php\/about-us\/#breadcrumb\",\"itemListElement\":[{\"@type\":\"ListItem\",\"position\":1,\"name\":\"Trang ch\u1ee7\",\"item\":\"https:\/\/tienganhhocsinh.com\/\"},{\"@type\":\"ListItem\",\"position\":2,\"name\":\"About Us\"}]},{\"@type\":\"WebSite\",\"@id\":\"https:\/\/tienganhhocsinh.com\/#website\",\"url\":\"https:\/\/tienganhhocsinh.com\/\",\"name\":\"Eros Fluent English\",\"description\":\"\",\"publisher\":{\"@id\":\"https:\/\/tienganhhocsinh.com\/#organization\"},\"potentialAction\":[{\"@type\":\"SearchAction\",\"target\":{\"@type\":\"EntryPoint\",\"urlTemplate\":\"https:\/\/tienganhhocsinh.com\/?s={search_term_string}\"},\"query-input\":{\"@type\":\"PropertyValueSpecification\",\"valueRequired\":true,\"valueName\":\"search_term_string\"}}],\"inLanguage\":\"vi\"},{\"@type\":\"Organization\",\"@id\":\"https:\/\/tienganhhocsinh.com\/#organization\",\"name\":\"Eros Fluent English\",\"url\":\"https:\/\/tienganhhocsinh.com\/\",\"logo\":{\"@type\":\"ImageObject\",\"inLanguage\":\"vi\",\"@id\":\"https:\/\/tienganhhocsinh.com\/#\/schema\/logo\/image\/\",\"url\":\"https:\/\/tienganhhocsinh.com\/wp-content\/uploads\/2025\/09\/cropped-cropped-FLUENT-ENGLISH-240-x-240-px-1.png\",\"contentUrl\":\"https:\/\/tienganhhocsinh.com\/wp-content\/uploads\/2025\/09\/cropped-cropped-FLUENT-ENGLISH-240-x-240-px-1.png\",\"width\":240,\"height\":121,\"caption\":\"Eros Fluent English\"},\"image\":{\"@id\":\"https:\/\/tienganhhocsinh.com\/#\/schema\/logo\/image\/\"},\"sameAs\":[\"https:\/\/www.facebook.com\/erosfluentenglish\",\"https:\/\/www.youtube.com\/@erosfluentenglish\",\"https:\/\/www.tiktok.com\/@erosfluentenglish\"]}]}<\/script>\n<!-- \/ Yoast SEO plugin. -->","yoast_head_json":{"title":"About Us - Eros Fluent English","robots":{"index":"index","follow":"follow","max-snippet":"max-snippet:-1","max-image-preview":"max-image-preview:large","max-video-preview":"max-video-preview:-1"},"canonical":"https:\/\/tienganhhocsinh.com\/index.php\/about-us\/","og_locale":"vi_VN","og_type":"article","og_title":"About Us - Eros Fluent English","og_description":"H\u1ecdc Ti\u1ebfng Anh, M\u1edf L\u1ed1i S\u1ef1 Nghi\u1ec7p! Eros Fluent English ra \u0111\u1eddi t\u1eeb tr\u0103n tr\u1edf c\u1ee7a \u0111\u1ed9i ng\u0169 mu\u1ed1n mang [&hellip;]","og_url":"https:\/\/tienganhhocsinh.com\/index.php\/about-us\/","og_site_name":"Eros Fluent English","article_publisher":"https:\/\/www.facebook.com\/erosfluentenglish","article_modified_time":"2025-09-10T11:19:40+00:00","og_image":[{"width":2560,"height":1440,"url":"https:\/\/tienganhhocsinh.com\/wp-content\/uploads\/2025\/08\/With-Eros-Thuong-Nguyen-6.png","type":"image\/png"}],"twitter_card":"summary_large_image","twitter_misc":{"\u01af\u1edbc t\u00ednh th\u1eddi gian \u0111\u1ecdc":"4 ph\u00fat"},"schema":{"@context":"https:\/\/schema.org","@graph":[{"@type":"WebPage","@id":"https:\/\/tienganhhocsinh.com\/index.php\/about-us\/","url":"https:\/\/tienganhhocsinh.com\/index.php\/about-us\/","name":"About Us - Eros Fluent English","isPartOf":{"@id":"https:\/\/tienganhhocsinh.com\/#website"},"primaryImageOfPage":{"@id":"https:\/\/tienganhhocsinh.com\/index.php\/about-us\/#primaryimage"},"image":{"@id":"https:\/\/tienganhhocsinh.com\/index.php\/about-us\/#primaryimage"},"thumbnailUrl":"https:\/\/tienganhhocsinh.com\/wp-content\/uploads\/2025\/08\/With-Eros-Thuong-Nguyen-6.png","datePublished":"2025-07-18T10:02:13+00:00","dateModified":"2025-09-10T11:19:40+00:00","breadcrumb":{"@id":"https:\/\/tienganhhocsinh.com\/index.php\/about-us\/#breadcrumb"},"inLanguage":"vi","potentialAction":[{"@type":"ReadAction","target":["https:\/\/tienganhhocsinh.com\/index.php\/about-us\/"]}]},{"@type":"ImageObject","inLanguage":"vi","@id":"https:\/\/tienganhhocsinh.com\/index.php\/about-us\/#primaryimage","url":"https:\/\/tienganhhocsinh.com\/wp-content\/uploads\/2025\/08\/With-Eros-Thuong-Nguyen-6.png","contentUrl":"https:\/\/tienganhhocsinh.com\/wp-content\/uploads\/2025\/08\/With-Eros-Thuong-Nguyen-6.png","width":2560,"height":1440},{"@type":"BreadcrumbList","@id":"https:\/\/tienganhhocsinh.com\/index.php\/about-us\/#breadcrumb","itemListElement":[{"@type":"ListItem","position":1,"name":"Trang ch\u1ee7","item":"https:\/\/tienganhhocsinh.com\/"},{"@type":"ListItem","position":2,"name":"About Us"}]},{"@type":"WebSite","@id":"https:\/\/tienganhhocsinh.com\/#website","url":"https:\/\/tienganhhocsinh.com\/","name":"Eros Fluent English","description":"","publisher":{"@id":"https:\/\/tienganhhocsinh.com\/#organization"},"potentialAction":[{"@type":"SearchAction","target":{"@type":"EntryPoint","urlTemplate":"https:\/\/tienganhhocsinh.com\/?s={search_term_string}"},"query-input":{"@type":"PropertyValueSpecification","valueRequired":true,"valueName":"search_term_string"}}],"inLanguage":"vi"},{"@type":"Organization","@id":"https:\/\/tienganhhocsinh.com\/#organization","name":"Eros Fluent English","url":"https:\/\/tienganhhocsinh.com\/","logo":{"@type":"ImageObject","inLanguage":"vi","@id":"https:\/\/tienganhhocsinh.com\/#\/schema\/logo\/image\/","url":"https:\/\/tienganhhocsinh.com\/wp-content\/uploads\/2025\/09\/cropped-cropped-FLUENT-ENGLISH-240-x-240-px-1.png","contentUrl":"https:\/\/tienganhhocsinh.com\/wp-content\/uploads\/2025\/09\/cropped-cropped-FLUENT-ENGLISH-240-x-240-px-1.png","width":240,"height":121,"caption":"Eros Fluent English"},"image":{"@id":"https:\/\/tienganhhocsinh.com\/#\/schema\/logo\/image\/"},"sameAs":["https:\/\/www.facebook.com\/erosfluentenglish","https:\/\/www.youtube.com\/@erosfluentenglish","https:\/\/www.tiktok.com\/@erosfluentenglish"]}]}},"jetpack_sharing_enabled":true,"_links":{"self":[{"href":"https:\/\/tienganhhocsinh.com\/index.php\/wp-json\/wp\/v2\/pages\/17","targetHints":{"allow":["GET"]}}],"collection":[{"href":"https:\/\/tienganhhocsinh.com\/index.php\/wp-json\/wp\/v2\/pages"}],"about":[{"href":"https:\/\/tienganhhocsinh.com\/index.php\/wp-json\/wp\/v2\/types\/page"}],"author":[{"embeddable":true,"href":"https:\/\/tienganhhocsinh.com\/index.php\/wp-json\/wp\/v2\/users\/1"}],"replies":[{"embeddable":true,"href":"https:\/\/tienganhhocsinh.com\/index.php\/wp-json\/wp\/v2\/comments?post=17"}],"version-history":[{"count":14,"href":"https:\/\/tienganhhocsinh.com\/index.php\/wp-json\/wp\/v2\/pages\/17\/revisions"}],"predecessor-version":[{"id":932,"href":"https:\/\/tienganhhocsinh.com\/index.php\/wp-json\/wp\/v2\/pages\/17\/revisions\/932"}],"wp:featuredmedia":[{"embeddable":true,"href":"https:\/\/tienganhhocsinh.com\/index.php\/wp-json\/wp\/v2\/media\/581"}],"wp:attachment":[{"href":"https:\/\/tienganhhocsinh.com\/index.php\/wp-json\/wp\/v2\/media?parent=17"}],"curies":[{"name":"wp","href":"https:\/\/api.w.org\/{rel}","templated":true}]}}